{"id":13,"date":"2022-02-08T09:21:29","date_gmt":"2022-02-08T08:21:29","guid":{"rendered":"https:\/\/baechle-mitarbeiter.de\/dummy\/?page_id=13"},"modified":"2022-05-31T10:17:15","modified_gmt":"2022-05-31T08:17:15","slug":"startseite","status":"publish","type":"page","link":"https:\/\/baechle-mitarbeiter.de\/dummy\/","title":{"rendered":"Startseite"},"content":{"rendered":"    <section class=\"tpl-hero-header\" >\r\n                    <div class=\"video-slide\">\r\n                <video autoplay muted playsinline loop preload class=\"header-video-fluid\">\r\n                    <source src=\"https:\/\/baechle-mitarbeiter.de\/dummy\/wp-content\/uploads\/sites\/2\/2022\/02\/file_example_MP4_480_1_5MG.mp4\" type=\"video\/mp4\">\r\n                <\/video>\r\n            <\/div>\r\n                <div class=\"hh-container animate blend\">\r\n            <div class=\"hh-content-container\">\r\n                <div class=\"hh-content\"><h1>Wir tun alles daf\u00fcr, dass Sie weiterkommen!<\/h1>\n<p>Curabitur congue finibus lorem, at dignissim metus elementum sit amet. Mauris eget dapibus quam. Integer a ante rutrum, semper risus a, blandit elit. Nunc dolor purus, condimentum ut lorem<\/p>\n<\/div>\r\n                                    <a class=\"btn-transparent mb-0\" href=\"https:\/\/baechle-mitarbeiter.de\/dummy\/\" target=\"\">Call to action<\/a>\r\n                            <\/div>\r\n        <\/div>\r\n                    <div class=\"ticker text4\">\r\n                <div class=\"\">\r\n                    <h2 class=\"ticker-headline ticker__item my-3 mb-lg-5\">LOREM IPSUM<\/h2>\r\n                <\/div>\r\n                <div class=\"\">\r\n                    <h2 class=\"ticker-headline ticker__item my-3 mb-lg-5\">LOREM IPSUM<\/h2>\r\n                <\/div>\r\n            <\/div>\r\n            <\/section>\r\n\n\n\r\n<section class=\"tpl-services\">\r\n    <div class=\"container\">\r\n        <h2>Unsere Leistungen<\/h2>\r\n        <div class=\"services-container\">\r\n                            <div class=\"container text-center\">\r\n                    Aktuell bieten wir leider keine Leistungen an!                <\/div>\r\n                        <div class=\"services-row row animate blend\" id=\"block_6227049d34b92\">\r\n                            <\/div>\r\n                    <\/div>\r\n                    <div class=\"container animate blend\">\r\n                <div class=\"row services-content-row\">\r\n                    <div class=\"col-12 col-lg-8\">\r\n                        <div class=\"services-content\"><p>Curabitur congue finibus lorem, at dignissim metus elementum sit amet. Mauris eget dapibus quam. Integer a ante rutrum, semper risus a, blandit elit. Nunc dolor purus, condimentum ut loremCurabitur congue finibus lorem, at dignissim metus elementum sit amet. Mauris eget dapibus quam. Integer a ante rutrum, semper risus a, blandit elit. Nunc dol.<\/p>\n<\/div>\r\n                    <\/div>\r\n                                            <div class=\"col-12 col-lg-4 text-end mt-5 mt-lg-0\">\r\n                            <a class=\"btn-primary-color\" href=\"https:\/\/baechle-mitarbeiter.de\/dummy\/unsere-leistungen\/\" target=\"\">Unsere Leistungen<\/a>\r\n                        <\/div>\r\n                                    <\/div>\r\n            <\/div>\r\n            <\/div>\r\n<\/section>\n\n<section class=\"tpl-hero-banner\">\r\n    <div class=\"container\">\r\n        <h2>Lorem Ipsum dolor <\/h2>\r\n    <\/div>\r\n            <div class=\"animate blend\">\r\n            <div class=\"container hero-banner-container zoom\">\r\n                <div class=\"banner-container\">\r\n                                            <a class=\"banner-link\" href=\"https:\/\/baechle-mitarbeiter.de\/dummy\/\" target=\"\">\r\n                                                <div class=\"banner-img-container position-relative\">\r\n                            <img decoding=\"async\" width=\"1365\" height=\"607\" src=\"https:\/\/baechle-mitarbeiter.de\/dummy\/wp-content\/uploads\/sites\/2\/2022\/02\/banner-img-1.png\" class=\"img-fluid banner-img zoom-img\" alt=\"\" \/>                            <div class=\"banner-content-container right\">\r\n                                <div class=\"banner-content shift-body\"><h3>Willkommen an Bord<\/h3>\n<p>Curabitur congue finibus lorem, at dignissim metus elementum sit amet. Mauris eget dapibus quam. Integer a ante rutrum, semper risus a, blandit elit. Nunc dolor purus, condimentum ut loremCurabitur congue finibus lorem, at dignissim metus elementum sit amet. Mauris eget dapibus quam. Integer a ante rutrum, semper risus a,<\/p>\n<\/div>\r\n                            <\/div>\r\n                        <\/div>\r\n                                                <\/a>\r\n                                    <\/div>\r\n            <\/div>\r\n        <\/div>\r\n            <div class=\"animate blend\">\r\n            <div class=\"container hero-banner-container zoom\">\r\n                <div class=\"banner-container\">\r\n                                            <a class=\"banner-link\" href=\"https:\/\/baechle-mitarbeiter.de\/dummy\/\" target=\"\">\r\n                                                <div class=\"banner-img-container position-relative\">\r\n                            <img decoding=\"async\" width=\"1365\" height=\"607\" src=\"https:\/\/baechle-mitarbeiter.de\/dummy\/wp-content\/uploads\/sites\/2\/2022\/02\/banner-img-2.png\" class=\"img-fluid banner-img zoom-img\" alt=\"\" \/>                            <div class=\"banner-content-container left\">\r\n                                <div class=\"banner-content shift-body\"><h3>Sub-Headline Unterthema<\/h3>\n<p>Curabitur congue finibus lorem, at dignissim metus elementum sit amet. Mauris eget dapibus quam. Integer a ante rutrum, semper risus a, blandit elit. Nunc dolor purus, condimentum ut loremCurabitur congue finibus lorem, at dignissim metus elementum sit amet. Mauris eget dapibus quam. Integer a ante rutrum, semper risus a,<\/p>\n<\/div>\r\n                            <\/div>\r\n                        <\/div>\r\n                                                <\/a>\r\n                                    <\/div>\r\n            <\/div>\r\n        <\/div>\r\n    <\/section>\n\n<section class=\"tpl-overview-cards\">\r\n    <div class=\"container \">\r\n        <h2 class=\"oc-headline\">Ihre Vorteile im \u00dcberblick<\/h2>\r\n        <div class=\"position-relative oc-slider\">\r\n            <div class=\"oc-row\" id=\"block_620518040005e\">\r\n                                    <div class=\"oc-col\">\r\n                        <div class=\"oc-container animate blend\">\r\n                                                        <img decoding=\"async\" width=\"1\" height=\"1\" src=\"https:\/\/baechle-mitarbeiter.de\/dummy\/wp-content\/uploads\/sites\/2\/2022\/02\/delivery-time.svg\" class=\"img-fluid oc-img w-100\" alt=\"\" \/>                            <div class=\"oc-content-container h3 mb-0\">100% Lorem  ipsum dolor sit<\/div>\r\n                                                    <\/div>\r\n                    <\/div>\r\n                                    <div class=\"oc-col\">\r\n                        <div class=\"oc-container animate blend\">\r\n                                                        <img decoding=\"async\" width=\"1\" height=\"1\" src=\"https:\/\/baechle-mitarbeiter.de\/dummy\/wp-content\/uploads\/sites\/2\/2022\/02\/delivery-time.svg\" class=\"img-fluid oc-img w-100\" alt=\"\" \/>                            <div class=\"oc-content-container h3 mb-0\">100% Lorem  ipsum dolor sit<\/div>\r\n                                                    <\/div>\r\n                    <\/div>\r\n                                    <div class=\"oc-col\">\r\n                        <div class=\"oc-container animate blend\">\r\n                                                        <img decoding=\"async\" width=\"1\" height=\"1\" src=\"https:\/\/baechle-mitarbeiter.de\/dummy\/wp-content\/uploads\/sites\/2\/2022\/02\/delivery-time.svg\" class=\"img-fluid oc-img w-100\" alt=\"\" \/>                            <div class=\"oc-content-container h3 mb-0\">100% Lorem  ipsum dolor sit<\/div>\r\n                                                    <\/div>\r\n                    <\/div>\r\n                                    <div class=\"oc-col\">\r\n                        <div class=\"oc-container animate blend\">\r\n                                                        <img decoding=\"async\" width=\"1\" height=\"1\" src=\"https:\/\/baechle-mitarbeiter.de\/dummy\/wp-content\/uploads\/sites\/2\/2022\/02\/delivery-time.svg\" class=\"img-fluid oc-img w-100\" alt=\"\" \/>                            <div class=\"oc-content-container h3 mb-0\">100% Lorem  ipsum dolor sit<\/div>\r\n                                                    <\/div>\r\n                    <\/div>\r\n                                    <div class=\"oc-col\">\r\n                        <div class=\"oc-container animate blend\">\r\n                                                        <img decoding=\"async\" width=\"1\" height=\"1\" src=\"https:\/\/baechle-mitarbeiter.de\/dummy\/wp-content\/uploads\/sites\/2\/2022\/02\/delivery-time.svg\" class=\"img-fluid oc-img w-100\" alt=\"\" \/>                            <div class=\"oc-content-container h3 mb-0\">100% Lorem  ipsum dolor sit<\/div>\r\n                                                    <\/div>\r\n                    <\/div>\r\n                            <\/div>\r\n                    <\/div>\r\n        <div class=\"row animate blend\">\r\n            <div class=\"col-12 col-lg-7\"><p>Curabitur congue finibus lorem, at dignissim metus elementum sit amet. Mauris eget dapibus quam. Integer a ante rutrum, semper risus a, blandit elit. Nunc dolor purus, condimentum ut loremCurabitur congue finibus lorem, at dignissim metus elementum sit amet. Mauris eget dapibus quam. Integer a ante rutrum, semper risus a, blandit elit. Nunc dol.<\/p>\n<\/div>\r\n                            <div class=\"col-12 offset-lg-2 col-lg-3 text-lg-end text-center mt-5 mt-lg-0\">\r\n                    <a class=\"btn-primary-color\" href=\"https:\/\/baechle-mitarbeiter.de\/dummy\/\" target=\"\">Call to action<\/a>\r\n                <\/div>\r\n                    <\/div>\r\n    <\/div>\r\n<\/section>\n\n\r\n    <section class=\"tpl-news bg-light-grey mb-lg-0\">\r\n        <div class=\"container\">\r\n            <h2>Aktuelles von lorem ipsum<\/h2>\r\n                            Aktuell gibt es keine Nachrichten!                        <div class=\"news-container\">\r\n                            <\/div>\r\n                            <div class=\"news-link-container text-lg-end text-center\">\r\n                    <a class=\"btn-light-grey mb-0\" href=\"https:\/\/baechle-mitarbeiter.de\/dummy\/news\/\" target=\"\">Neuigkeiten<\/a>\r\n                <\/div>\r\n                    <\/div>\r\n    <\/section>\r\n\n\n<section class=\"tpl-cover-image animate blend\">\r\n    <h2 class=\"ci-headline d-block d-lg-none\">Unsere Standorte<\/h2>\r\n    <div class=\"d-block d-lg-none\"><img decoding=\"async\" width=\"1920\" height=\"874\" src=\"https:\/\/baechle-mitarbeiter.de\/dummy\/wp-content\/uploads\/sites\/2\/2022\/02\/AdobeStock_288239071.png\" class=\"img-fluid\" alt=\"\" \/><\/div>\r\n    <div class=\"d-none d-lg-block ci-background-image\" style=\"background-image: url(https:\/\/baechle-mitarbeiter.de\/dummy\/wp-content\/uploads\/sites\/2\/2022\/02\/AdobeStock_288239071.png); height: 874px;\"><\/div>\r\n    <div class=\"container-lg p-0\">\r\n        <h2 class=\"ci-headline d-none d-lg-block\">Unsere Standorte<\/h2>\r\n        <div class=\"ci-content-container zoom\">\r\n                            <a class=\"ci-link\" href=\"https:\/\/baechle-mitarbeiter.de\/dummy\/\" target=\"\">\r\n                                <span class=\"ci-content shift-body d-block\">\r\n                    <h3>Immer f\u00fcr Sie da, ganz in der N\u00e4he.<\/h3>\n<p>Curabitur congue finibus lorem, at dignissim metus elementum sit amet. Mauris eget dapibus quam. Integer a ante rutrum, semper risus a, blandit elit. Nunc dolor purus, condimentum ut loremCurabitur congue finibus lorem, at dignissim metus elementum sit amet. Mauris eget dapibus quam. Integer a ante rutrum, semper risus a,<\/p>\n                <\/span>\r\n                                <\/a>\r\n                    <\/div>\r\n    <\/div>\r\n<\/section>\n\n\n<section class=\"wp-block-group contact animate blend\"><div class=\"wp-block-group__inner-container is-layout-flow wp-block-group-is-layout-flow\"><div class=\"wp-bootstrap-blocks-container container mb-2\">\n\t\n<div class=\"wp-bootstrap-blocks-row row\">\n\t\n\n<div class=\"col-12 col-md-5\">\n\t\t\t\n\n<p class=\"h1 text-center text-lg-start\">Wir freuen uns auf Ihren Kontakt!<\/p>\n\n\t<\/div>\n\n\n\n<div class=\"col-12 col-md-7\">\n\t\t\t\n\n<p class=\"has-text-align-right h1 text-center text-lg-end\"><a href=\"tel:+49 (0) 7721 8453-0\" target=\"_blank\" rel=\"noreferrer noopener\">+49 (0) 7721 8453-0<br><\/a><a href=\"mailto:info@baechle-logistics.de\" target=\"_blank\" rel=\"noreferrer noopener\">info@baechle-logistics.de<\/a><\/p>\n\n\t<\/div>\n\n<\/div>\n\n<\/div>\n<\/div><\/section>\n\n\n\r\n<section class=\"tpl-newsletter\" id=\"\">\r\n    <div class=\"container bg-primary p-5\">\r\n                    <h2 class=\"text-center text-white\">Newsletter<\/h2>\r\n                <div class=\"row\">\r\n                            <div class=\"col-12\">\r\n                    <div class=\"newsletter-content\">\r\n                        <p>Lorem ipsum dolor sit amet, consetetur sadipscing elitr, sed diam nonumy eirmod tempor invidunt ut labore et dolore magna aliquyam erat, sed diam voluptua. At vero eos et accusam et justo duo dolores et ea rebum. Stet clita kasd gubergren, no sea takimata sanctus est Lorem ipsum dolor sit amet. Lorem ipsum dolor sit amet, consetetur sadipscing elitr, sed diam nonumy eirmod tempor invidunt ut labore et dolore magna aliquyam erat, sed diam voluptua. At vero eos et accusam et justo duo dolores et ea rebum. Stet clita kasd gubergren, no sea takimata sanctus est Lorem ipsum dolor sit amet.<\/p>\n                    <\/div>\r\n                <\/div>\r\n                        <div class=\"col-12\">\r\n                <form class=\"layout_form cr_form cr_font my-auto w-100\" action=\"https:\/\/seu2.cleverreach.com\/f\/322981-365619\/wcs\/\" method=\"post\" target=\"_blank\">\r\n                    <div class=\"cr_body cr_page cr_font formbox d-flex justify-content-center align-items-center\">\r\n                        <div class=\"editable_content d-flex align-items-center flex-column\">\r\n                            <div id=\"8264189\" rel=\"email\" class=\"cr_form-component cr_form-component--email cr_ipe_item ui-sortable musthave mb-5\">\r\n                                <div class=\"cr_form-inputgroup cr_form-inputgroup--typeemail input-group\">\r\n                                    <div class=\"input-group-prepend\">\r\n                                        <span class=\"input-group-text\" for=\"text8264189\">E-Mail*<\/span>\r\n                                    <\/div>\r\n                                    <input class=\"cr_form-input form-control\" type=\"email\" id=\"text8264189\" name=\"email\" value=\"\" placeholder=\"name@example.com\">\r\n                                <\/div>\r\n                            <\/div>\r\n                            <div id=\"8272028\" rel=\"checkbox\" class=\"cr_form-component cr_form-component--group cr_form-component--checkbox cr_ipe_item ui-sortable musthave text-center\">\r\n                                <span class=\"label cr_form-component--header text-white strong\">Einwilligung zum Newsletterempfang*<\/span>\r\n                                <div class=\"cr_form-component--group\">\r\n                                    <span class=\"cr_form-inputgroup cr_form-inputgroup--typecheckbox\">\r\n                                        <input id=\"Hiermit stimme ich dem Empfang Ihrer Newsletter zu8272028\" class=\"cr_form-checkbox cr_ipe_checkbox\" type=\"checkbox\" name=\"1082774[]\" value=\"Hiermit stimme ich dem Empfang Ihrer Newsletter zu\">\r\n                                        <label class=\"no-label text-white\" for=\"Hiermit stimme ich dem Empfang Ihrer Newsletter zu8272028\">Hiermit stimme ich dem Empfang Ihrer Newsletter zu<\/label>\r\n                                    <\/span>\r\n                                    <br>\r\n                                <\/div>\r\n                            <\/div>\r\n                            <br>\r\n                            <div id=\"8273424\" rel=\"mce_text\" class=\"cr_ipe_item ui-sortable\">\r\n                                <div class=\"mce_text\">\r\n                                    <p class=\"text-white text-center w-75 mx-auto\">Um Sie in unseren Newsletter-Verteiler aufnehmen zu k\u00f6nnen, ben\u00f6tigen wir eine Best\u00e4tigung, dass Sie der Inhaber der angegebenen E-Mail-Adresse und mit dem Empfang des Newsletter einverstanden sind. Die erhobenen Daten dienen nur der Versendung des Newsletters und der Dokumentation Ihrer Zustimmung. Eine andere Verarbeitung oder Weitergabe an Dritte erfolgt nicht. Sie k\u00f6nnen den Newsletter und die Einwilligung zur Speicherung der Daten jederzeit widerrufen.<\/p>\r\n                                <\/div>\r\n                            <\/div>\r\n                            <div id=\"8264192\" rel=\"button\" class=\"cr_form-component cr_form-component--submit cr_ipe_item ui-sortable submit_container d-flex justify-content-center\">\r\n                                <button type=\"submit\" class=\"cr_form-block cr_button btn-primary-color mb-0\">Anmelden<\/button>\r\n                            <\/div>\r\n                        <\/div>\r\n                    <\/div>\r\n                <\/form>\r\n            <\/div>\r\n        <\/div>\r\n    <\/div>\r\n<\/section>","protected":false},"excerpt":{"rendered":"","protected":false},"author":1,"featured_media":0,"parent":0,"menu_order":0,"comment_status":"closed","ping_status":"closed","template":"","meta":{"_acf_changed":false,"inline_featured_image":false,"pgc_sgb_lightbox_settings":"","footnotes":""},"class_list":["post-13","page","type-page","status-publish","hentry"],"acf":[],"yoast_head":"<!-- This site is optimized with the Yoast SEO plugin v26.2 - https:\/\/yoast.com\/wordpress\/plugins\/seo\/ -->\n<title>Startseite - Dummy<\/title>\n<meta name=\"robots\" content=\"noindex, follow, max-snippet:-1, max-image-preview:large, max-video-preview:-1\" \/>\n<meta property=\"og:locale\" content=\"de_DE\" \/>\n<meta property=\"og:type\" content=\"article\" \/>\n<meta property=\"og:title\" content=\"Startseite - Dummy\" \/>\n<meta property=\"og:url\" content=\"https:\/\/baechle-mitarbeiter.de\/dummy\/\" \/>\n<meta property=\"og:site_name\" content=\"Dummy\" \/>\n<meta property=\"article:modified_time\" content=\"2022-05-31T08:17:15+00:00\" \/>\n<meta name=\"twitter:card\" content=\"summary_large_image\" \/>\n<script type=\"application\/ld+json\" class=\"yoast-schema-graph\">{\"@context\":\"https:\/\/schema.org\",\"@graph\":[{\"@type\":\"WebPage\",\"@id\":\"https:\/\/baechle-mitarbeiter.de\/dummy\/\",\"url\":\"https:\/\/baechle-mitarbeiter.de\/dummy\/\",\"name\":\"Startseite - Dummy\",\"isPartOf\":{\"@id\":\"https:\/\/baechle-mitarbeiter.de\/dummy\/#website\"},\"datePublished\":\"2022-02-08T08:21:29+00:00\",\"dateModified\":\"2022-05-31T08:17:15+00:00\",\"breadcrumb\":{\"@id\":\"https:\/\/baechle-mitarbeiter.de\/dummy\/#breadcrumb\"},\"inLanguage\":\"de\",\"potentialAction\":[{\"@type\":\"ReadAction\",\"target\":[\"https:\/\/baechle-mitarbeiter.de\/dummy\/\"]}]},{\"@type\":\"BreadcrumbList\",\"@id\":\"https:\/\/baechle-mitarbeiter.de\/dummy\/#breadcrumb\",\"itemListElement\":[{\"@type\":\"ListItem\",\"position\":1,\"name\":\"Startseite\",\"item\":\"https:\/\/baechle-mitarbeiter.de\/dummy\/\"},{\"@type\":\"ListItem\",\"position\":2,\"name\":\"Startseite\"}]},{\"@type\":\"WebSite\",\"@id\":\"https:\/\/baechle-mitarbeiter.de\/dummy\/#website\",\"url\":\"https:\/\/baechle-mitarbeiter.de\/dummy\/\",\"name\":\"Dummy\",\"description\":\"Eine weitere WordPress-Website\",\"potentialAction\":[{\"@type\":\"SearchAction\",\"target\":{\"@type\":\"EntryPoint\",\"urlTemplate\":\"https:\/\/baechle-mitarbeiter.de\/dummy\/?s={search_term_string}\"},\"query-input\":{\"@type\":\"PropertyValueSpecification\",\"valueRequired\":true,\"valueName\":\"search_term_string\"}}],\"inLanguage\":\"de\"}]}<\/script>\n<!-- \/ Yoast SEO plugin. -->","yoast_head_json":{"title":"Startseite - Dummy","robots":{"index":"noindex","follow":"follow","max-snippet":"max-snippet:-1","max-image-preview":"max-image-preview:large","max-video-preview":"max-video-preview:-1"},"og_locale":"de_DE","og_type":"article","og_title":"Startseite - Dummy","og_url":"https:\/\/baechle-mitarbeiter.de\/dummy\/","og_site_name":"Dummy","article_modified_time":"2022-05-31T08:17:15+00:00","twitter_card":"summary_large_image","schema":{"@context":"https:\/\/schema.org","@graph":[{"@type":"WebPage","@id":"https:\/\/baechle-mitarbeiter.de\/dummy\/","url":"https:\/\/baechle-mitarbeiter.de\/dummy\/","name":"Startseite - Dummy","isPartOf":{"@id":"https:\/\/baechle-mitarbeiter.de\/dummy\/#website"},"datePublished":"2022-02-08T08:21:29+00:00","dateModified":"2022-05-31T08:17:15+00:00","breadcrumb":{"@id":"https:\/\/baechle-mitarbeiter.de\/dummy\/#breadcrumb"},"inLanguage":"de","potentialAction":[{"@type":"ReadAction","target":["https:\/\/baechle-mitarbeiter.de\/dummy\/"]}]},{"@type":"BreadcrumbList","@id":"https:\/\/baechle-mitarbeiter.de\/dummy\/#breadcrumb","itemListElement":[{"@type":"ListItem","position":1,"name":"Startseite","item":"https:\/\/baechle-mitarbeiter.de\/dummy\/"},{"@type":"ListItem","position":2,"name":"Startseite"}]},{"@type":"WebSite","@id":"https:\/\/baechle-mitarbeiter.de\/dummy\/#website","url":"https:\/\/baechle-mitarbeiter.de\/dummy\/","name":"Dummy","description":"Eine weitere WordPress-Website","potentialAction":[{"@type":"SearchAction","target":{"@type":"EntryPoint","urlTemplate":"https:\/\/baechle-mitarbeiter.de\/dummy\/?s={search_term_string}"},"query-input":{"@type":"PropertyValueSpecification","valueRequired":true,"valueName":"search_term_string"}}],"inLanguage":"de"}]}},"_links":{"self":[{"href":"https:\/\/baechle-mitarbeiter.de\/dummy\/wp-json\/wp\/v2\/pages\/13","targetHints":{"allow":["GET"]}}],"collection":[{"href":"https:\/\/baechle-mitarbeiter.de\/dummy\/wp-json\/wp\/v2\/pages"}],"about":[{"href":"https:\/\/baechle-mitarbeiter.de\/dummy\/wp-json\/wp\/v2\/types\/page"}],"author":[{"embeddable":true,"href":"https:\/\/baechle-mitarbeiter.de\/dummy\/wp-json\/wp\/v2\/users\/1"}],"replies":[{"embeddable":true,"href":"https:\/\/baechle-mitarbeiter.de\/dummy\/wp-json\/wp\/v2\/comments?post=13"}],"version-history":[{"count":62,"href":"https:\/\/baechle-mitarbeiter.de\/dummy\/wp-json\/wp\/v2\/pages\/13\/revisions"}],"predecessor-version":[{"id":511,"href":"https:\/\/baechle-mitarbeiter.de\/dummy\/wp-json\/wp\/v2\/pages\/13\/revisions\/511"}],"wp:attachment":[{"href":"https:\/\/baechle-mitarbeiter.de\/dummy\/wp-json\/wp\/v2\/media?parent=13"}],"curies":[{"name":"wp","href":"https:\/\/api.w.org\/{rel}","templated":true}]}}